{"id":684,"date":"2015-07-09T12:46:30","date_gmt":"2015-07-09T10:46:30","guid":{"rendered":"http:\/\/public-worxs.com\/mayer-shop\/index.php\/agb\/"},"modified":"2017-03-13T11:02:00","modified_gmt":"2017-03-13T10:02:00","slug":"agb","status":"publish","type":"page","link":"https:\/\/www.3d-holzwelt.de\/index.php\/agb\/","title":{"rendered":"AGB"},"content":{"rendered":"<p>Allgemeine Gesch\u00e4ftsbedingungen der Firma Mayer 3D Holzwelt<\/p>\n<p style=\"font-weight: bold; padding-bottom: 10px;\">\u00a71 Geltung gegen\u00fcber Verbrauchern und Begriffsdefinitionen<\/p>\n<p>(1) Die nachfolgenden Allgemeinen Gesch\u00e4ftsbedingungen gelten f\u00fcr alle Lieferungen zwischen uns und einem Verbraucher<br \/>\nin ihrer zum Zeitpunkt der Bestellung g\u00fcltigen Fassung.<\/p>\n<p>Verbraucher ist jede nat\u00fcrliche Person, die ein Rechtsgesch\u00e4ft zu Zwecken abschlie\u00dft, die \u00fcberwiegend weder<br \/>\nihrer gewerblichen noch ihrer selbst\u00e4ndigen beruflichen T\u00e4tigkeit zugerechnet werden k\u00f6nnen (\u00a7 13 BGB).<\/p>\n<p>Das Warenangebot in unserem Online-Shop richtet sich ausschlie\u00dflich an K\u00e4ufer, die das 18. Lebensjahr vollendet haben. Soweit Unternehmen bestellen, gelten ausschlie\u00dflich unsere Allgemeinen Gesch\u00e4ftsbedingungen f\u00fcr Lieferungen, Leistungen und Angebote. Der Einbeziehung von AGB oder Einkaufsbedingungen, die unseren AGB widersprechen, wird bereits jetzt widersprochen.<\/p>\n<p>Als Vertragssprache steht ausschlie\u00dflich Deutsch zur Verf\u00fcgung.<\/p>\n<p style=\"font-weight: bold; padding-bottom: 10px;\">\u00a72 Vertragsabschluss, Speicherung des Vertragstextes<\/p>\n<p><b>(1) Im Falle des Vertragsschlusses kommt der Vertrag mit<\/b><\/p>\n<div style=\"font-weight: bold; margin-left: 20px;\">\n<p>Mayer 3D Holzwelt<\/p>\n<p>Markus Mayer<\/p>\n<p>Eugen-K\u00fcbler-Stra\u00dfe 6<\/p>\n<p>D-74538 Rosengarten-Uttenhofen<\/p>\n<p>Registernummer<\/p>\n<p>Registergericht Rosengarten-Uttenhofen<\/p>\n<\/div>\n<p>zustande.<\/p>\n<p>(2) Die Pr\u00e4sentation der Waren in unserem Internetshop stellen kein rechtlich bindendes Vertragsangebot unsererseits dar,<br \/>\nsondern sind nur eine unverbindliche Aufforderung an den Verbraucher, Waren zu bestellen.<\/p>\n<p>(3) Mit Anklicken des Buttons &#8220;Jetzt zahlungspflichtig bestellen&#8221; geben Sie ein verbindliches Kaufangebot ab (\u00a7 145 BGB)<\/p>\n<p>Der Verbraucher kann vor dem verbindlichen Absenden der Bestellung durch Best\u00e4tigen der in dem von ihm verwendeten Internet-Browser enthaltenen &#8221; Zur\u00fcck&#8221; Taste nach Kontrolle seiner Angaben wieder zu der Internetseite gelangen, auf der die Angaben des Kunden erfasst werden und Eingabefehler berichtigen bzw. durch Schlie\u00dfen des Internetbrowsers den Bestellvorgang abbrechen. Wir best\u00e4tigen den Eingang der Bestellung unmittelbar durch eine automatisch generierte E-Mail (Eingangsbest\u00e4tigung). Diese stellt noch keine Annahme des Angebotes dar.<\/p>\n<p>(4) Ein Kaufvertrag \u00fcber die Ware kommt erst zustande, wenn wir ausdr\u00fccklich die Annahme des Kaufangebots erkl\u00e4ren oder, wenn wir die Ware &#8211; ohne vorherige ausdr\u00fcckliche Annahmeerkl\u00e4rung &#8211; an Sie versenden.<\/p>\n<p>(5) Speicherung des Vertragstextes bei Bestellungen \u00fcber unseren Internetshop: Wir speichern den Vertragstext und senden Ihnen die Bestelldaten und unsere AGB per<br \/>\nE-Mail zu. Die AGB k\u00f6nnen Sie jederzeit auch unter https:\/\/www.3d-holzwelt.de\/agb einsehen.<\/p>\n<p>&nbsp;<\/p>\n<p style=\"font-weight: bold; padding-bottom: 10px;\">\u00a73 Preise, Versandkosten, Zahlung, F\u00e4lligkeit, Verzug<\/p>\n<p>(1) Die angegebenen Preise enthalten die gesetzliche Umsatzsteuer und sonstige Preisbestandteile. Hinzu kommen etwaige Versandkosten.<\/p>\n<p>(2) Der Verbraucher hat die M\u00f6glichkeit der Zahlung per<\/p>\n<ul>\n<li>Paypal<\/li>\n<li>Vorkasse<\/li>\n<li>Nachnahme<\/li>\n<\/ul>\n<p>(3) Hat der Verbraucher die Zahlung per Vorkasse gew\u00e4hlt, nennen wir Ihnen unsere Bankverbindung in der Auftragsbest\u00e4tigung. Der Rechnungsbetrag ist innerhalb von 10 Tagen nach Erhalt der Auftragsbest\u00e4tigung auf unser Konto zu \u00fcberweisen.<\/p>\n<p>(4) Geraten Sie mit einer Zahlung in Verzug, so sind Sie zur Zahlung der gesetzlichen Verzugszinsen in H\u00f6he von 5 Prozentpunkten \u00fcber dem Basiszinssatz verpflichtet. F\u00fcr jedes Mahnschreiben, das nach Eintritt des Verzuges an Sie versandt wird, wird Ihnen eine Mahngeb\u00fchr von 2,50 EUR berechnet, sofern nicht im Einzelfall ein niedrigerer bzw. h\u00f6herer Schaden nachgewiesen wird.<\/p>\n<p style=\"font-weight: bold; padding-bottom: 10px;\">\u00a74 Lieferung<\/p>\n<p>(1)\u00a0Die Produkte haben artikel-bezogenen Lieferzeiten.<br \/>\nDie Lieferung erfolgt hier sp\u00e4testen innerhalb von 20 Werktagen.<br \/>\nDabei beginnt die Frist f\u00fcr die Lieferung im Falle der Zahlung per Vorkasse am Tag nach<br \/>\nZahlungsauftrag an die mit der \u00dcberweisung beauftragte Bank und bei allen anderen Zahlungsarten am Tag nach Vertragsschluss zu laufen.<br \/>\nF\u00e4llt das Fristende auf einen Samstag, Sonntag oder gesetzlichen Feiertag am Lieferort, so endet die Frist am n\u00e4chsten Werktag.<\/p>\n<p>(2) Die Gefahr des zuf\u00e4lligen Untergangs und der zuf\u00e4lligen Verschlechterung der<br \/>\nverkauften Sache geht auch beim Versendungskauf erst mit der \u00dcbergabe der Sache an den K\u00e4ufer auf diesen \u00fcber.<\/p>\n<p style=\"font-weight: bold; padding-bottom: 10px;\">\u00a75 Eigentumsvorbehalt<\/p>\n<p>Wir behalten uns das Eigentum an der Ware bis zur vollst\u00e4ndigen Bezahlung des Kaufpreises vor.<\/p>\n<p>****************************************************************************************************<\/p>\n<p style=\"font-weight: bold; padding-bottom: 10px;\">\u00a76 Widerrufsbelehrung<\/p>\n<p style=\"font-weight: bold; padding-bottom: 10px;\">F\u00fcr den Fall, dass Sie Verbraucher im Sinne des \u00a7 13 BGB sind, also Kauf zu Zwecken abschlie\u00dfen, die \u00fcberwiegend weder ihrer gewerblichen noch ihrer selbst\u00e4ndigen beruflichen T\u00e4tigkeit zugerechnet werden k\u00f6nnen, haben Sie ein Widerrufsrecht nach Ma\u00dfgabe der folgenden Bestimmungen:<\/p>\n<p>Sie haben das Recht, binnen vierzehn Tagen ohne Angabe von Gr\u00fcnden diesen Vertrag zu widerrufen.<\/p>\n<p>Die Widerrufsfrist betr\u00e4gt vierzehn Tage, ab dem Tag, an dem Sie oder ein von Ihnen benannter Dritter,<br \/>\nder nicht der Bef\u00f6rderer ist, die Waren in Besitz genommen haben bzw. hat.<\/p>\n<p>Um Ihr Widerrufsrecht auszu\u00fcben, m\u00fcssen Sie uns<\/p>\n<div style=\"margin-left: 20px; margin-top: 5px; margin-bottom: 5px;\">\n<p>Mayer 3D Holzwelt<br \/>\nMarkus Mayer<br \/>\nEugen-K\u00fcbler-Stra\u00dfe 6<br \/>\nD-74538 Rosengarten-Uttenhofen<br \/>\nE-Mail: info@3d-holzwelt.de<\/p>\n<\/div>\n<p>mittels einer eindeutigen Erkl\u00e4rung (z.B. ein mit der Post versandter Brief, Telefax oder E-Mail) \u00fcber Ihren Entschluss,<br \/>\ndiesen Vertrag zu widerrufen, informieren. Sie k\u00f6nnen daf\u00fcr das beigef\u00fcgte Muster-Widerrufsformular verwenden, das jedoch nicht vorgeschrieben ist. Zur Wahrung der Widerrufsfrist reicht es aus, dass Sie die Mitteilung \u00fcber die Aus\u00fcbung des Widerrufsrechts vor Ablauf der Widerrufsfrist absenden.<\/p>\n<p><b>Widerrufsfolgen<\/b><\/p>\n<p>Wenn Sie diesen Vertrag widerrufen, haben wir Ihnen alle Zahlungen, die wir von Ihnen erhalten haben, einschlie\u00dflich der<br \/>\nLieferkosten (mit Ausnahme der zus\u00e4tzlichen Kosten, die sich daraus ergeben, dass Sie eine andere Art der Lieferung als<br \/>\ndie von uns angebotene, g\u00fcnstigste Standardlieferung gew\u00e4hlt haben), unverz\u00fcglich und sp\u00e4testens binnen vierzehn Tagen<br \/>\nab dem Tag zur\u00fcckzuzahlen, an dem die Mitteilung \u00fcber Ihren Widerruf dieses Vertrags bei uns eingegangen ist.<br \/>\nF\u00fcr diese R\u00fcckzahlung verwenden wir dasselbe Zahlungsmittel, das Sie bei der urspr\u00fcnglichen Transaktion eingesetzt haben,<br \/>\nes sei denn, mit Ihnen wurde ausdr\u00fccklich etwas anderes vereinbart; in keinem Fall werden Ihnen wegen dieser R\u00fcckzahlung Entgelte berechnet.<\/p>\n<p>Wir k\u00f6nnen die R\u00fcckzahlung verweigern, bis wir die Waren wieder zur\u00fcckerhalten haben oder bis Sie den Nachweis erbracht haben,<br \/>\ndass Sie die Waren zur\u00fcckgesandt haben, je nachdem, welches der fr\u00fchere Zeitpunkt ist.<\/p>\n<p>Sie haben die Waren unverz\u00fcglich und in jedem Fall sp\u00e4testens binnen vierzehn Tagen ab dem Tag, an dem Sie uns \u00fcber den<br \/>\nWiderruf dieses Vertrages unterrichten, an uns zur\u00fcckzusenden oder zu \u00fcbergeben. Die Frist ist gewahrt,<br \/>\nwenn Sie die Waren vor Ablauf der Frist von vierzehn Tagen absenden.<\/p>\n<p>Sie tragen die unmittelbaren Kosten der R\u00fccksendung der Waren.<\/p>\n<p>****************************************************************************************************<\/p>\n<p>&nbsp;<\/p>\n<p style=\"font-weight: bold; padding-bottom: 10px;\">\u00a77 Widerrufsformular<\/p>\n<p style=\"text-align: center; font-weight: bold;\">Muster-Widerrufsformular<\/p>\n<p>(Wenn Sie den Vertrag widerrufen wollen, dann f\u00fcllen Sie bitte dieses Formular aus und senden Sie es zur\u00fcck.)<\/p>\n<div style=\"border: 1px solid #000000; padding: 10px;\">\n<p>An:<br \/>\nMayer 3D Holzwelt<br \/>\nMarkus Mayer<br \/>\nEugen-K\u00fcbler-Stra\u00dfe 6<br \/>\nD-74538 Rosengarten-Uttenhofen<\/p>\n<p>E-Mail: info@3d-holzwelt.de<\/p>\n<p>Hiermit widerrufe(n) ich\/wir (*) den von mir\/uns (*) abgeschlossenen Vertrag \u00fcber den Kauf der folgenden Waren (*) \/die Erbringung der folgenden Dienstleistung (*)<\/p>\n<p>_____________________________________________________<\/p>\n<p>Bestellt am (*) \/erhalten am (*)<\/p>\n<p>__________________<\/p>\n<p>Name des\/der Verbraucher(s)<\/p>\n<p>_____________________________________________________<\/p>\n<p>Anschrift des\/der Verbraucher(s)<br \/>\n_____________________________________________________<\/p>\n<p>Unterschrift des\/der Verbraucher(s) (nur bei Mitteilung auf Papier)<\/p>\n<p>__________________<\/p>\n<p>Datum<\/p>\n<p>__________________<\/p>\n<\/div>\n<p>(*) Unzutreffendes streichen.<\/p>\n<p><strong>Ende der Widerrufsbelehrung<\/strong><\/p>\n<p style=\"font-weight: bold; padding-bottom: 10px;\">\u00a78 Gew\u00e4hrleistung<\/p>\n<p>(1) Es gelten die gesetzlichen Gew\u00e4hrleistungsregelungen.<\/p>\n<p class=\"p1\"><span class=\"s1\">(2) Holz ist ein Naturprodukt; seine naturgegebenen Eigenschaften, Abweichungen und Merkmale sind daher stets zu beachten. Insbesondere hat der K\u00e4ufer seine biologischen, physikalischen und chemischen Eigenschaften beim Kauf und der Verwendung zu ber\u00fccksichtigen.<\/span><\/p>\n<p class=\"p1\"><span class=\"s1\">Die Bandbreite von nat\u00fcrlichen Farb-, Struktur- und sonstigen Unterschieden innerhalb einer Holzart geh\u00f6rt zu den Eigenschaften des Naturproduktes Holz und stellt keinen Reklamations- oder Haftungsgrund dar.<\/span><\/p>\n<p style=\"font-weight: bold; padding-bottom: 10px;\">\u00a79 Haftung<\/p>\n<p>(1) Unbeschr\u00e4nkte Haftung: Wir haften unbeschr\u00e4nkt f\u00fcr Vorsatz und grobe Fahrl\u00e4ssigkeit sowie nach Ma\u00dfgabe des Produkthaftungsgesetzes. F\u00fcr leichte Fahrl\u00e4ssigkeit haften wir bei Sch\u00e4den aus der Verletzung des Lebens, des K\u00f6rpers und der Gesundheit von Personen.<\/p>\n<p>(2) Im \u00dcbrigen gilt folgende beschr\u00e4nkte Haftung: Bei leichter Fahrl\u00e4ssigkeit haften wir nur im Falle der Verletzung einer wesentlichen Vertragspflicht, deren Erf\u00fcllung die ordnungsgem\u00e4\u00dfe Durchf\u00fchrung des Vertrages \u00fcberhaupt erst erm\u00f6glicht und auf deren Einhaltung Sie regem\u00e4\u00dfig vertrauen d\u00fcrfen (Kardinalpflicht). Die Haftung f\u00fcr leichte Fahrl\u00e4ssigkeit ist der H\u00f6he nach beschr\u00e4nkt auf die bei Vertragsschluss vorhersehbaren Sch\u00e4den, mit deren Entstehung typischerweise gerechnet werden muss. Diese Haftungsbeschr\u00e4nkung gilt auch zugunsten unserer Erf\u00fcllungshilfen.<\/p>\n<p><strong>\u00a7 10 Transportsch\u00e4den<\/strong><\/p>\n<p>(1) Werden Waren mit offensichtlichen Transportsch\u00e4den angeliefert, so reklamieren Sie solche Fehler bitte sofort bei dem Zusteller und nehmen Sie bitte schnellstm\u00f6glich Kontakt zu uns auf.<\/p>\n<p>(2) Die Vers\u00e4umung einer Reklamation oder Kontaktaufnahme hat f\u00fcr Ihre gesetzliche Gew\u00e4hrleistungsrechte keine Konsequenzen. Sie helfen uns aber, unsere eigenen Anspr\u00fcche gegen\u00fcber dem Frachtf\u00fchrer bzw. der Transportversicherung geltend zu machen.<\/p>\n<p>Stand der AGB Nov.2016<\/p>\n<p><strong>Alternative Streitbeilegung gem\u00e4\u00df Art. 14 Abs. 1 ODR-VO und \u00a7 36 VSBG:<\/strong><\/p>\n<p>Die Europ\u00e4ische Kommission stellt eine Plattform zur Online-Streitbeilegung (OS) bereit, die du unter <a href=\"http:\/\/ec.europa.eu\/consumers\/odr\/\">http:\/\/ec.europa.eu\/consumers\/odr\/<\/a> findest. Zur Teilnahme an einem Streitbeilegungsverfahren vor einer Verbraucherschlichtungsstelle sind wir nicht verpflichtet und nicht bereit.<\/p>\n","protected":false},"excerpt":{"rendered":"<p>Allgemeine Gesch\u00e4ftsbedingungen der Firma Mayer 3D Holzwelt \u00a71 Geltung gegen\u00fcber Verbrauchern und Begriffsdefinitionen (1) Die nachfolgenden Allgemeinen Gesch\u00e4ftsbedingungen gelten f\u00fcr alle Lieferungen zwischen uns und einem Verbraucher in ihrer zum Zeitpunkt der Bestellung g\u00fcltigen Fassung. Verbraucher ist jede nat\u00fcrliche Person, die ein Rechtsgesch\u00e4ft zu Zwecken abschlie\u00dft, die \u00fcberwiegend weder ihrer gewerblichen noch ihrer selbst\u00e4ndigen beruflichen [&hellip;]<\/p>\n","protected":false},"author":1,"featured_media":0,"parent":0,"menu_order":0,"comment_status":"closed","ping_status":"open","template":"","meta":[],"_links":{"self":[{"href":"https:\/\/www.3d-holzwelt.de\/index.php\/wp-json\/wp\/v2\/pages\/684"}],"collection":[{"href":"https:\/\/www.3d-holzwelt.de\/index.php\/wp-json\/wp\/v2\/pages"}],"about":[{"href":"https:\/\/www.3d-holzwelt.de\/index.php\/wp-json\/wp\/v2\/types\/page"}],"author":[{"embeddable":true,"href":"https:\/\/www.3d-holzwelt.de\/index.php\/wp-json\/wp\/v2\/users\/1"}],"replies":[{"embeddable":true,"href":"https:\/\/www.3d-holzwelt.de\/index.php\/wp-json\/wp\/v2\/comments?post=684"}],"version-history":[{"count":0,"href":"https:\/\/www.3d-holzwelt.de\/index.php\/wp-json\/wp\/v2\/pages\/684\/revisions"}],"wp:attachment":[{"href":"https:\/\/www.3d-holzwelt.de\/index.php\/wp-json\/wp\/v2\/media?parent=684"}],"curies":[{"name":"wp","href":"https:\/\/api.w.org\/{rel}","templated":true}]}}