{"id":74,"date":"2015-03-03T02:10:34","date_gmt":"2015-03-03T02:10:34","guid":{"rendered":"http:\/\/wp\/enfold-shop\/?page_id=74"},"modified":"2017-04-04T14:24:27","modified_gmt":"2017-04-04T12:24:27","slug":"about","status":"publish","type":"page","link":"https:\/\/www.3d-holzwelt.de\/index.php\/about\/","title":{"rendered":"\u00dcber uns"},"content":{"rendered":"\n<style type=\"text\/css\" data-created_by=\"avia_inline_auto\" id=\"style-css-av-av_section-5a3e5e204ff3cafe41227531244e0198\">\n.avia-section.av-av_section-5a3e5e204ff3cafe41227531244e0198 .av-section-color-overlay{\nopacity:0.7;\nbackground-color:#6786a1;\n}\n<\/style>\n<div id='av_section_1'  class='avia-section av-av_section-5a3e5e204ff3cafe41227531244e0198 main_color avia-section-huge avia-no-border-styling  avia-builder-el-0  el_before_av_layout_row  avia-builder-el-first  avia-bg-style-parallax av-section-color-overlay-active av-minimum-height av-minimum-height-50  container_wrap sidebar_right'   data-av_minimum_height_pc='50'><div class=\"av-section-color-overlay-wrap\"><div class=\"av-section-color-overlay\"><\/div><div class='container av-section-cont-open' ><main  role=\"main\" itemprop=\"mainContentOfPage\"  class='template-page content  av-content-small alpha units'><div class='post-entry post-entry-type-page post-entry-74'><div class='entry-content-wrapper clearfix'>\n\n<style type=\"text\/css\" data-created_by=\"avia_inline_auto\" id=\"style-css-av-av_headline_rotator-7930ba375c535ebe53759d4fbfb5061b\">\n#top .av-rotator-container.av-av_headline_rotator-7930ba375c535ebe53759d4fbfb5061b{\ntext-align:center;\ncolor:#ffffff;\n}\n#top #wrap_all .av-rotator-container.av-av_headline_rotator-7930ba375c535ebe53759d4fbfb5061b .av-rotator-container-inner{\nfont-size:60px;\n}\n<\/style>\n\n<style type=\"text\/css\" data-created_by=\"avia_inline_auto\" id=\"style-css-sub-av-av_headline_rotator-7930ba375c535ebe53759d4fbfb5061b\">\n#top .av-rotator-container .av-rotator-text-single.av-av_rotator_item-a08572049fc41b29791a25187cc7889d{\ncolor:#253849;\n}\n#top .av-rotator-container .av-rotator-text-single.av-av_rotator_item-3dbd49c96dd5c9064b8cc8e509b7d086{\ncolor:#253849;\n}\n#top .av-rotator-container .av-rotator-text-single.av-av_rotator_item-5405b7a445f9d9d92a1398572dc04a27{\ncolor:#253849;\n}\n<\/style>\n<div  class='av-rotator-container av-rotation-container-center av-av_headline_rotator-7930ba375c535ebe53759d4fbfb5061b  avia-builder-el-1  avia-builder-el-no-sibling  av-after-rotation-text-active' data-interval='3' data-animation='-1'><h3 class='av-rotator-container-inner'>DIE GRENZE IST NUR<span class='av-rotator-text av-rotator-multiline-on'>\n<span class='av-rotator-text-single av-av_rotator_item-a08572049fc41b29791a25187cc7889d av-rotator-text-single-1'>3D HOLZDESIGN<\/span>\n<span class='av-rotator-text-single av-av_rotator_item-3dbd49c96dd5c9064b8cc8e509b7d086 av-rotator-text-single-2'>ALLES AUS HOLZ<\/span>\n<span class='av-rotator-text-single av-av_rotator_item-5405b7a445f9d9d92a1398572dc04a27 av-rotator-text-single-3'>ONLINE BESTELLEN<\/span>\n<\/span>DIE VORSTELLUNGSKRAFT<\/h3><\/div>\n\n<\/div><\/div><\/main><!-- close content main element --><\/div><\/div><\/div><div id='av-layout-grid-1'  class='av-layout-grid-container av-av_layout_row-5d9789ae1c747a4f98f1312517afa49d entry-content-wrapper main_color av-flex-cells  avia-builder-el-2  el_after_av_section  avia-builder-el-last  grid-row-not-first  container_wrap sidebar_right'  >\n\n<style type=\"text\/css\" data-created_by=\"avia_inline_auto\" id=\"style-css-av-av_cell_one_full-eed751b08c3bda32bb6dd4eb4c9858c6\">\n.flex_cell.av-av_cell_one_full-eed751b08c3bda32bb6dd4eb4c9858c6{\nvertical-align:middle;\nheight:300px;\nmin-height:300px;\n}\n.responsive #top #wrap_all .flex_cell.av-av_cell_one_full-eed751b08c3bda32bb6dd4eb4c9858c6{\npadding:150px 150px 150px 150px !important;\n}\n<\/style>\n<div class='flex_cell av-av_cell_one_full-eed751b08c3bda32bb6dd4eb4c9858c6 av-gridrow-cell av_one_full no_margin  avia-builder-el-3  avia-builder-el-no-sibling ' ><div class='flex_cell_inner'><p>\n<style type=\"text\/css\" data-created_by=\"avia_inline_auto\" id=\"style-css-av-av_heading-1d0c53beff588f6873addc428b7a168b\">\n#top .av-special-heading.av-av_heading-1d0c53beff588f6873addc428b7a168b{\npadding-bottom:10px;\nfont-size:30px;\n}\nbody .av-special-heading.av-av_heading-1d0c53beff588f6873addc428b7a168b .av-special-heading-tag .heading-char{\nfont-size:25px;\n}\n#top #wrap_all .av-special-heading.av-av_heading-1d0c53beff588f6873addc428b7a168b .av-special-heading-tag{\nfont-size:30px;\n}\n.av-special-heading.av-av_heading-1d0c53beff588f6873addc428b7a168b .av-subheading{\nfont-size:15px;\n}\n\n@media only screen and (min-width: 480px) and (max-width: 767px){ \n#top #wrap_all .av-special-heading.av-av_heading-1d0c53beff588f6873addc428b7a168b .av-special-heading-tag{\nfont-size:0.8em;\n}\n}\n\n@media only screen and (max-width: 479px){ \n#top #wrap_all .av-special-heading.av-av_heading-1d0c53beff588f6873addc428b7a168b .av-special-heading-tag{\nfont-size:0.8em;\n}\n}\n<\/style>\n<div  class='av-special-heading av-av_heading-1d0c53beff588f6873addc428b7a168b av-special-heading-h3 blockquote modern-quote  avia-builder-el-4  el_before_av_hr  avia-builder-el-first  av-inherit-size'><h3 class='av-special-heading-tag'  itemprop=\"headline\"  >DIE IDEE<\/h3><div class=\"special-heading-border\"><div class=\"special-heading-inner-border\"><\/div><\/div><\/div><br \/>\n\n<style type=\"text\/css\" data-created_by=\"avia_inline_auto\" id=\"style-css-av-av_hr-125677adc5a412197e704257ba4b8296\">\n#top .hr.av-av_hr-125677adc5a412197e704257ba4b8296{\nmargin-top:30px;\nmargin-bottom:30px;\n}\n.hr.av-av_hr-125677adc5a412197e704257ba4b8296 .hr-inner{\nwidth:50px;\n}\n<\/style>\n<div  class='hr av-av_hr-125677adc5a412197e704257ba4b8296 hr-custom  avia-builder-el-5  el_after_av_heading  el_before_av_textblock  hr-left hr-icon-no'><span class='hr-inner inner-border-av-border-fat'><span class=\"hr-inner-style\"><\/span><\/span><\/div><br \/>\n<section  class='av_textblock_section av-av_textblock-0366cc7376be6c9e82a3e9cc8987b64f'  itemscope=\"itemscope\" itemtype=\"https:\/\/schema.org\/CreativeWork\" ><div class='avia_textblock'  itemprop=\"text\" ><h3>3D Holzwelt &#8211; Die Idee<\/h3>\n<p>Markus Mayer:<\/p>\n<p>&#8220;Ich habe die 3d Holzwelt im Januar 2015 gegr\u00fcndet. Individuell mit Holz arbeiten war schon immer mein Wunsch und mit Einsatz einer 5-Achs-CNC Fr\u00e4se ergaben sich ganz neue M\u00f6glichkeiten was man aus <strong>Holz<\/strong> alles machen kann.Kreativ, ehrgeizig, zuverl\u00e4ssig und kompetent &#8211; das sind meine St\u00e4rken.\u00a0Holz ist ein Material f\u00fcr die Sinne.<\/p>\n<p>Angefangen haben wir mit Waschbecken und kreativer Deko (Herzvasen, Tannenb\u00e4ume uvm.)&#8221;<\/p>\n<p><em>Haben Sie eine Idee oder wollen Sie Ihr Zuhause neugestalten? Ist Holz auch ihr Material?<\/em><\/p>\n<p><em>Dann sind Sie bei uns genau richtig. Verwirklichen Sie mit uns ihre Ideen.<\/em><\/p>\n<h3><\/h3>\n<h3><\/h3>\n<h3><\/h3>\n<\/div><\/section><br \/>\n\n<style type=\"text\/css\" data-created_by=\"avia_inline_auto\" id=\"style-css-av-av_hr-0688d0b0b6ed2f8b057db7a8270206df\">\n#top .hr.hr-invisible.av-av_hr-0688d0b0b6ed2f8b057db7a8270206df{\nheight:50px;\n}\n<\/style>\n<div  class='hr av-av_hr-0688d0b0b6ed2f8b057db7a8270206df hr-invisible  avia-builder-el-7  el_after_av_textblock  el_before_av_textblock '><span class='hr-inner '><span class=\"hr-inner-style\"><\/span><\/span><\/div><br \/>\n<section  class='av_textblock_section av-av_textblock-0366cc7376be6c9e82a3e9cc8987b64f'  itemscope=\"itemscope\" itemtype=\"https:\/\/schema.org\/CreativeWork\" ><div class='avia_textblock'  itemprop=\"text\" ><h3><\/h3>\n<h3><\/h3>\n<h3><\/h3>\n<h3>Was in Zukunft noch alles kommen wird:<\/h3>\n<p>Treppen, Duschwanne, Badewanne usw..<\/p>\n<p><img decoding=\"async\" loading=\"lazy\" class=\"alignnone size-medium wp-image-1029\" src=\"https:\/\/www.3d-holzwelt.de\/wp-content\/uploads\/2015\/03\/DSC03888-300x200.jpeg\" alt=\"\" width=\"300\" height=\"200\" srcset=\"https:\/\/www.3d-holzwelt.de\/wp-content\/uploads\/2015\/03\/DSC03888-300x200.jpeg 300w, https:\/\/www.3d-holzwelt.de\/wp-content\/uploads\/2015\/03\/DSC03888-768x512.jpeg 768w, https:\/\/www.3d-holzwelt.de\/wp-content\/uploads\/2015\/03\/DSC03888-1330x887.jpeg 1330w, https:\/\/www.3d-holzwelt.de\/wp-content\/uploads\/2015\/03\/DSC03888-1500x1000.jpeg 1500w, https:\/\/www.3d-holzwelt.de\/wp-content\/uploads\/2015\/03\/DSC03888-705x470.jpeg 705w, https:\/\/www.3d-holzwelt.de\/wp-content\/uploads\/2015\/03\/DSC03888-450x300.jpeg 450w\" sizes=\"(max-width: 300px) 100vw, 300px\" \/><\/p>\n<\/div><\/section><\/p>\n<\/div><\/div><\/div>\n","protected":false},"excerpt":{"rendered":"","protected":false},"author":1,"featured_media":0,"parent":0,"menu_order":0,"comment_status":"open","ping_status":"open","template":"","meta":[],"_links":{"self":[{"href":"https:\/\/www.3d-holzwelt.de\/index.php\/wp-json\/wp\/v2\/pages\/74"}],"collection":[{"href":"https:\/\/www.3d-holzwelt.de\/index.php\/wp-json\/wp\/v2\/pages"}],"about":[{"href":"https:\/\/www.3d-holzwelt.de\/index.php\/wp-json\/wp\/v2\/types\/page"}],"author":[{"embeddable":true,"href":"https:\/\/www.3d-holzwelt.de\/index.php\/wp-json\/wp\/v2\/users\/1"}],"replies":[{"embeddable":true,"href":"https:\/\/www.3d-holzwelt.de\/index.php\/wp-json\/wp\/v2\/comments?post=74"}],"version-history":[{"count":10,"href":"https:\/\/www.3d-holzwelt.de\/index.php\/wp-json\/wp\/v2\/pages\/74\/revisions"}],"predecessor-version":[{"id":1108,"href":"https:\/\/www.3d-holzwelt.de\/index.php\/wp-json\/wp\/v2\/pages\/74\/revisions\/1108"}],"wp:attachment":[{"href":"https:\/\/www.3d-holzwelt.de\/index.php\/wp-json\/wp\/v2\/media?parent=74"}],"curies":[{"name":"wp","href":"https:\/\/api.w.org\/{rel}","templated":true}]}}