{"id":807,"date":"2017-01-17T15:50:14","date_gmt":"2017-01-17T14:50:14","guid":{"rendered":"http:\/\/public-worxs.com\/mayer-shop\/index.php\/produkt\/baum-4er-set\/"},"modified":"2017-02-16T10:20:09","modified_gmt":"2017-02-16T09:20:09","slug":"baum-4er-set","status":"publish","type":"product","link":"https:\/\/www.3d-holzwelt.de\/index.php\/produkt\/baum-4er-set\/","title":{"rendered":"Baum &#8211; 4er Set"},"content":{"rendered":"<p>Bestehend aus 1 x Gr\u00f6\u00dfe 31,5 cm, 2 x Gr\u00f6\u00dfe 28,5 cm und 1 x Gr\u00f6\u00dfe 24 cm.<\/p>\n<p>Auf Anfrage sind auch andere Holzarten w\u00e4hlbar.<\/p>\n<p>Gewicht: 2,9 kg<\/p>\n","protected":false},"excerpt":{"rendered":"<p class=\"p1\"><span class=\"s1\">Besonders und nicht nur in der Winterzeit eine stilvolle Dekoration.<\/span><\/p>\n<p>&nbsp;<\/p>\n","protected":false},"featured_media":811,"comment_status":"open","ping_status":"closed","template":"","meta":[],"_links":{"self":[{"href":"https:\/\/www.3d-holzwelt.de\/index.php\/wp-json\/wp\/v2\/product\/807"}],"collection":[{"href":"https:\/\/www.3d-holzwelt.de\/index.php\/wp-json\/wp\/v2\/product"}],"about":[{"href":"https:\/\/www.3d-holzwelt.de\/index.php\/wp-json\/wp\/v2\/types\/product"}],"replies":[{"embeddable":true,"href":"https:\/\/www.3d-holzwelt.de\/index.php\/wp-json\/wp\/v2\/comments?post=807"}],"wp:featuredmedia":[{"embeddable":true,"href":"https:\/\/www.3d-holzwelt.de\/index.php\/wp-json\/wp\/v2\/media\/811"}],"wp:attachment":[{"href":"https:\/\/www.3d-holzwelt.de\/index.php\/wp-json\/wp\/v2\/media?parent=807"}],"curies":[{"name":"wp","href":"https:\/\/api.w.org\/{rel}","templated":true}]}}