{"id":818,"date":"2017-01-17T16:20:09","date_gmt":"2017-01-17T15:20:09","guid":{"rendered":"http:\/\/public-worxs.com\/mayer-shop\/index.php\/produkt\/toilettenpapierhalter\/"},"modified":"2017-02-13T08:46:00","modified_gmt":"2017-02-13T07:46:00","slug":"toilettenpapierhalter","status":"publish","type":"product","link":"https:\/\/www.3d-holzwelt.de\/index.php\/produkt\/toilettenpapierhalter\/","title":{"rendered":"Toilettenpapierhalter"},"content":{"rendered":"<p>Auf Anfrage sind auch andere Holzarten w\u00e4hlbar.<\/p>\n<p>Gr\u00f6\u00dfe: 72 cm<\/p>\n<p>Gewicht: 16 kg<\/p>\n","protected":false},"excerpt":{"rendered":"<p class=\"p1\">Aus Rundholz gefertigt, f\u00fcr 2 Papierrollen. \u00c4ste sichtbar, naturbelassen, ge\u00f6lt oder lackiert erh\u00e4ltlich.<\/p>\n<p>&nbsp;<\/p>\n","protected":false},"featured_media":823,"comment_status":"open","ping_status":"closed","template":"","meta":[],"_links":{"self":[{"href":"https:\/\/www.3d-holzwelt.de\/index.php\/wp-json\/wp\/v2\/product\/818"}],"collection":[{"href":"https:\/\/www.3d-holzwelt.de\/index.php\/wp-json\/wp\/v2\/product"}],"about":[{"href":"https:\/\/www.3d-holzwelt.de\/index.php\/wp-json\/wp\/v2\/types\/product"}],"replies":[{"embeddable":true,"href":"https:\/\/www.3d-holzwelt.de\/index.php\/wp-json\/wp\/v2\/comments?post=818"}],"wp:featuredmedia":[{"embeddable":true,"href":"https:\/\/www.3d-holzwelt.de\/index.php\/wp-json\/wp\/v2\/media\/823"}],"wp:attachment":[{"href":"https:\/\/www.3d-holzwelt.de\/index.php\/wp-json\/wp\/v2\/media?parent=818"}],"curies":[{"name":"wp","href":"https:\/\/api.w.org\/{rel}","templated":true}]}}