{"id":957,"date":"2017-02-10T10:36:49","date_gmt":"2017-02-10T09:36:49","guid":{"rendered":"http:\/\/public-worxs.com\/mayer-shop\/index.php\/produkt\/push-open-ventil-ohne-ueberlauf\/"},"modified":"2017-03-27T10:49:17","modified_gmt":"2017-03-27T08:49:17","slug":"push-open-ventil-ohne-ueberlauf","status":"publish","type":"product","link":"https:\/\/www.3d-holzwelt.de\/index.php\/produkt\/push-open-ventil-ohne-ueberlauf\/","title":{"rendered":"Push-Open Ventil ohne \u00dcberlauf"},"content":{"rendered":"<p>Im offenen Zustand entsteht einen ebene Fl\u00e4che mit einem ringf\u00f6rmigen Abfluss. Sie haben keinen herausstehenden Pils. Keine aus dem Becken herausragende Kappe!<\/p>\n<p><strong>Schlichte Eleganz. <\/strong>Kappe kann samt Klick-Mechanismus jederzeit und ohne Werkzeug zur Reinigung entnommen werden.<\/p>\n<p>Im geschlossenen Modus befindet sich die kleine Kappe in der Mitte nach unten versetzt und st\u00f6rt nicht beim Reinigen des Beckens.<\/p>\n","protected":false},"excerpt":{"rendered":"<p>Im offenen Zustand entsteht einen ebene Fl\u00e4che mit einem ringf\u00f6rmigen Abfluss. Sie haben keinen herausstehenden Pils. Keine aus dem Becken herausragende Kappe! Schlichte Eleganz. Kappe kann samt Klick-Mechanismus jederzeit und ohne Werkzeug zur Reinigung entnommen werden. Im geschlossenen Modus befindet sich die kleine Kappe in der Mitte nach unten versetzt und st\u00f6rt nicht beim Reinigen [&hellip;]<\/p>\n","protected":false},"featured_media":1077,"comment_status":"open","ping_status":"closed","template":"","meta":[],"_links":{"self":[{"href":"https:\/\/www.3d-holzwelt.de\/index.php\/wp-json\/wp\/v2\/product\/957"}],"collection":[{"href":"https:\/\/www.3d-holzwelt.de\/index.php\/wp-json\/wp\/v2\/product"}],"about":[{"href":"https:\/\/www.3d-holzwelt.de\/index.php\/wp-json\/wp\/v2\/types\/product"}],"replies":[{"embeddable":true,"href":"https:\/\/www.3d-holzwelt.de\/index.php\/wp-json\/wp\/v2\/comments?post=957"}],"wp:featuredmedia":[{"embeddable":true,"href":"https:\/\/www.3d-holzwelt.de\/index.php\/wp-json\/wp\/v2\/media\/1077"}],"wp:attachment":[{"href":"https:\/\/www.3d-holzwelt.de\/index.php\/wp-json\/wp\/v2\/media?parent=957"}],"curies":[{"name":"wp","href":"https:\/\/api.w.org\/{rel}","templated":true}]}}